{"id":192,"date":"2022-01-05T23:41:31","date_gmt":"2022-01-05T22:41:31","guid":{"rendered":"https:\/\/vicdeba.be\/?page_id=192"},"modified":"2022-03-06T17:54:23","modified_gmt":"2022-03-06T16:54:23","slug":"evenements","status":"publish","type":"page","link":"https:\/\/vicdeba.be\/index.php\/evenements\/","title":{"rendered":"Ev\u00e9nements"},"content":{"rendered":"\n<h2 class=\"wp-block-heading\" id=\"a-venir\">A venir<\/h2>\n\n\n\n<p>Pas d&rsquo;\u00e9v\u00e9nements pr\u00e9vus.<\/p>\n\n\n\n<h2 class=\"wp-block-heading\" id=\"passes\">Pass\u00e9s<\/h2>\n\n\n\n<p>&#8211; <strong>1 Avril 2019<\/strong> &#8211; <br><em>Clinique de la for\u00eat de Soignes.<\/em><br><a rel=\"noreferrer noopener\" href=\"https:\/\/vicdeba.be\/wp-content\/uploads\/2022\/01\/Programme_Colloque.pdf\" target=\"_blank\" class=\"txt_link\">Petit colloque impertinent sur l&rsquo;internement.<\/a><\/p>\n\n\n\n<div style=\"height:100px\" aria-hidden=\"true\" class=\"wp-block-spacer\"><\/div>\n","protected":false},"excerpt":{"rendered":"<p>A venir Pas d&rsquo;\u00e9v\u00e9nements pr\u00e9vus. Pass\u00e9s &#8211; 1 Avril 2019 &#8211; Clinique de la for\u00eat de Soignes.Petit colloque impertinent sur l&rsquo;internement.<\/p>\n","protected":false},"author":2,"featured_media":0,"parent":0,"menu_order":0,"comment_status":"closed","ping_status":"closed","template":"","meta":{"footnotes":""},"class_list":["post-192","page","type-page","status-publish","hentry"],"yoast_head":"<!-- This site is optimized with the Yoast SEO plugin v27.4 - https:\/\/yoast.com\/product\/yoast-seo-wordpress\/ -->\n<title>Ev\u00e9nements - Virginie De Baeremaeker<\/title>\n<meta name=\"robots\" content=\"index, follow, max-snippet:-1, max-image-preview:large, max-video-preview:-1\" \/>\n<link rel=\"canonical\" href=\"https:\/\/vicdeba.be\/index.php\/evenements\/\" \/>\n<meta property=\"og:locale\" content=\"fr_FR\" \/>\n<meta property=\"og:type\" content=\"article\" \/>\n<meta property=\"og:title\" content=\"Ev\u00e9nements - Virginie De Baeremaeker\" \/>\n<meta property=\"og:description\" content=\"A venir Pas d&rsquo;\u00e9v\u00e9nements pr\u00e9vus. Pass\u00e9s &#8211; 1 Avril 2019 &#8211; Clinique de la for\u00eat de Soignes.Petit colloque impertinent sur l&rsquo;internement.\" \/>\n<meta property=\"og:url\" content=\"https:\/\/vicdeba.be\/index.php\/evenements\/\" \/>\n<meta property=\"og:site_name\" content=\"Virginie De Baeremaeker\" \/>\n<meta property=\"article:modified_time\" content=\"2022-03-06T16:54:23+00:00\" \/>\n<meta name=\"twitter:card\" content=\"summary_large_image\" \/>\n<script type=\"application\/ld+json\" class=\"yoast-schema-graph\">{\"@context\":\"https:\\\/\\\/schema.org\",\"@graph\":[{\"@type\":\"WebPage\",\"@id\":\"https:\\\/\\\/vicdeba.be\\\/index.php\\\/evenements\\\/\",\"url\":\"https:\\\/\\\/vicdeba.be\\\/index.php\\\/evenements\\\/\",\"name\":\"Ev\u00e9nements - Virginie De Baeremaeker\",\"isPartOf\":{\"@id\":\"https:\\\/\\\/vicdeba.be\\\/#website\"},\"datePublished\":\"2022-01-05T22:41:31+00:00\",\"dateModified\":\"2022-03-06T16:54:23+00:00\",\"breadcrumb\":{\"@id\":\"https:\\\/\\\/vicdeba.be\\\/index.php\\\/evenements\\\/#breadcrumb\"},\"inLanguage\":\"fr-FR\",\"potentialAction\":[{\"@type\":\"ReadAction\",\"target\":[\"https:\\\/\\\/vicdeba.be\\\/index.php\\\/evenements\\\/\"]}]},{\"@type\":\"BreadcrumbList\",\"@id\":\"https:\\\/\\\/vicdeba.be\\\/index.php\\\/evenements\\\/#breadcrumb\",\"itemListElement\":[{\"@type\":\"ListItem\",\"position\":1,\"name\":\"Accueil\",\"item\":\"https:\\\/\\\/vicdeba.be\\\/\"},{\"@type\":\"ListItem\",\"position\":2,\"name\":\"Ev\u00e9nements\"}]},{\"@type\":\"WebSite\",\"@id\":\"https:\\\/\\\/vicdeba.be\\\/#website\",\"url\":\"https:\\\/\\\/vicdeba.be\\\/\",\"name\":\"Virginie De Baeremaeker\",\"description\":\"Psychologue Clinicienne\",\"publisher\":{\"@id\":\"https:\\\/\\\/vicdeba.be\\\/#organization\"},\"potentialAction\":[{\"@type\":\"SearchAction\",\"target\":{\"@type\":\"EntryPoint\",\"urlTemplate\":\"https:\\\/\\\/vicdeba.be\\\/?s={search_term_string}\"},\"query-input\":{\"@type\":\"PropertyValueSpecification\",\"valueRequired\":true,\"valueName\":\"search_term_string\"}}],\"inLanguage\":\"fr-FR\"},{\"@type\":\"Organization\",\"@id\":\"https:\\\/\\\/vicdeba.be\\\/#organization\",\"name\":\"Virginie De Baeremaeker\",\"url\":\"https:\\\/\\\/vicdeba.be\\\/\",\"logo\":{\"@type\":\"ImageObject\",\"inLanguage\":\"fr-FR\",\"@id\":\"https:\\\/\\\/vicdeba.be\\\/#\\\/schema\\\/logo\\\/image\\\/\",\"url\":\"https:\\\/\\\/vicdeba.be\\\/wp-content\\\/uploads\\\/2022\\\/01\\\/cropped-cropped-traveling.png\",\"contentUrl\":\"https:\\\/\\\/vicdeba.be\\\/wp-content\\\/uploads\\\/2022\\\/01\\\/cropped-cropped-traveling.png\",\"width\":842,\"height\":330,\"caption\":\"Virginie De Baeremaeker\"},\"image\":{\"@id\":\"https:\\\/\\\/vicdeba.be\\\/#\\\/schema\\\/logo\\\/image\\\/\"}}]}<\/script>\n<!-- \/ Yoast SEO plugin. -->","yoast_head_json":{"title":"Ev\u00e9nements - Virginie De Baeremaeker","robots":{"index":"index","follow":"follow","max-snippet":"max-snippet:-1","max-image-preview":"max-image-preview:large","max-video-preview":"max-video-preview:-1"},"canonical":"https:\/\/vicdeba.be\/index.php\/evenements\/","og_locale":"fr_FR","og_type":"article","og_title":"Ev\u00e9nements - Virginie De Baeremaeker","og_description":"A venir Pas d&rsquo;\u00e9v\u00e9nements pr\u00e9vus. Pass\u00e9s &#8211; 1 Avril 2019 &#8211; Clinique de la for\u00eat de Soignes.Petit colloque impertinent sur l&rsquo;internement.","og_url":"https:\/\/vicdeba.be\/index.php\/evenements\/","og_site_name":"Virginie De Baeremaeker","article_modified_time":"2022-03-06T16:54:23+00:00","twitter_card":"summary_large_image","schema":{"@context":"https:\/\/schema.org","@graph":[{"@type":"WebPage","@id":"https:\/\/vicdeba.be\/index.php\/evenements\/","url":"https:\/\/vicdeba.be\/index.php\/evenements\/","name":"Ev\u00e9nements - Virginie De Baeremaeker","isPartOf":{"@id":"https:\/\/vicdeba.be\/#website"},"datePublished":"2022-01-05T22:41:31+00:00","dateModified":"2022-03-06T16:54:23+00:00","breadcrumb":{"@id":"https:\/\/vicdeba.be\/index.php\/evenements\/#breadcrumb"},"inLanguage":"fr-FR","potentialAction":[{"@type":"ReadAction","target":["https:\/\/vicdeba.be\/index.php\/evenements\/"]}]},{"@type":"BreadcrumbList","@id":"https:\/\/vicdeba.be\/index.php\/evenements\/#breadcrumb","itemListElement":[{"@type":"ListItem","position":1,"name":"Accueil","item":"https:\/\/vicdeba.be\/"},{"@type":"ListItem","position":2,"name":"Ev\u00e9nements"}]},{"@type":"WebSite","@id":"https:\/\/vicdeba.be\/#website","url":"https:\/\/vicdeba.be\/","name":"Virginie De Baeremaeker","description":"Psychologue Clinicienne","publisher":{"@id":"https:\/\/vicdeba.be\/#organization"},"potentialAction":[{"@type":"SearchAction","target":{"@type":"EntryPoint","urlTemplate":"https:\/\/vicdeba.be\/?s={search_term_string}"},"query-input":{"@type":"PropertyValueSpecification","valueRequired":true,"valueName":"search_term_string"}}],"inLanguage":"fr-FR"},{"@type":"Organization","@id":"https:\/\/vicdeba.be\/#organization","name":"Virginie De Baeremaeker","url":"https:\/\/vicdeba.be\/","logo":{"@type":"ImageObject","inLanguage":"fr-FR","@id":"https:\/\/vicdeba.be\/#\/schema\/logo\/image\/","url":"https:\/\/vicdeba.be\/wp-content\/uploads\/2022\/01\/cropped-cropped-traveling.png","contentUrl":"https:\/\/vicdeba.be\/wp-content\/uploads\/2022\/01\/cropped-cropped-traveling.png","width":842,"height":330,"caption":"Virginie De Baeremaeker"},"image":{"@id":"https:\/\/vicdeba.be\/#\/schema\/logo\/image\/"}}]}},"_links":{"self":[{"href":"https:\/\/vicdeba.be\/index.php\/wp-json\/wp\/v2\/pages\/192","targetHints":{"allow":["GET"]}}],"collection":[{"href":"https:\/\/vicdeba.be\/index.php\/wp-json\/wp\/v2\/pages"}],"about":[{"href":"https:\/\/vicdeba.be\/index.php\/wp-json\/wp\/v2\/types\/page"}],"author":[{"embeddable":true,"href":"https:\/\/vicdeba.be\/index.php\/wp-json\/wp\/v2\/users\/2"}],"replies":[{"embeddable":true,"href":"https:\/\/vicdeba.be\/index.php\/wp-json\/wp\/v2\/comments?post=192"}],"version-history":[{"count":6,"href":"https:\/\/vicdeba.be\/index.php\/wp-json\/wp\/v2\/pages\/192\/revisions"}],"predecessor-version":[{"id":352,"href":"https:\/\/vicdeba.be\/index.php\/wp-json\/wp\/v2\/pages\/192\/revisions\/352"}],"wp:attachment":[{"href":"https:\/\/vicdeba.be\/index.php\/wp-json\/wp\/v2\/media?parent=192"}],"curies":[{"name":"wp","href":"https:\/\/api.w.org\/{rel}","templated":true}]}}