{"id":161,"date":"2022-01-02T11:13:33","date_gmt":"2022-01-02T10:13:33","guid":{"rendered":"https:\/\/vicdeba.be\/?page_id=161"},"modified":"2024-12-07T13:52:04","modified_gmt":"2024-12-07T12:52:04","slug":"tarifs","status":"publish","type":"page","link":"https:\/\/vicdeba.be\/index.php\/tarifs\/","title":{"rendered":"Tarifs"},"content":{"rendered":"\n<p class=\"has-medium-font-size\"><strong>60 euros la s\u00e9ance de 45 minutes<\/strong><\/p>\n\n\n\n<div class=\"wp-block-columns is-layout-flex wp-container-core-columns-is-layout-9d6595d7 wp-block-columns-is-layout-flex\">\n<div class=\"wp-block-column is-layout-flow wp-block-column-is-layout-flow\" style=\"flex-basis:33.33%\">\n<figure class=\"wp-block-image size-large\"><img loading=\"lazy\" decoding=\"async\" width=\"839\" height=\"1024\" src=\"https:\/\/vicdeba.be\/wp-content\/uploads\/2021\/12\/hello-i-m-nik-z1d-LP8sjuI-unsplash-839x1024.jpg\" alt=\"\" class=\"wp-image-44\" srcset=\"https:\/\/vicdeba.be\/wp-content\/uploads\/2021\/12\/hello-i-m-nik-z1d-LP8sjuI-unsplash-839x1024.jpg 839w, https:\/\/vicdeba.be\/wp-content\/uploads\/2021\/12\/hello-i-m-nik-z1d-LP8sjuI-unsplash-246x300.jpg 246w, https:\/\/vicdeba.be\/wp-content\/uploads\/2021\/12\/hello-i-m-nik-z1d-LP8sjuI-unsplash-768x937.jpg 768w, https:\/\/vicdeba.be\/wp-content\/uploads\/2021\/12\/hello-i-m-nik-z1d-LP8sjuI-unsplash-1258x1536.jpg 1258w, https:\/\/vicdeba.be\/wp-content\/uploads\/2021\/12\/hello-i-m-nik-z1d-LP8sjuI-unsplash-1678x2048.jpg 1678w\" sizes=\"auto, (max-width: 839px) 100vw, 839px\" \/><\/figure>\n<\/div>\n\n\n\n<div class=\"wp-block-column is-layout-flow wp-block-column-is-layout-flow\" style=\"flex-basis:66.66%\">\n<p>Mon inscription \u00e0 la commission des psychologues vous permet de b\u00e9n\u00e9ficier de certains remboursements aupr\u00e8s de votre mutuelle et\/ou assurances compl\u00e9mentaires.<\/p>\n\n\n\n<p><strong>Info remboursement Mutuelle :<\/strong><\/p>\n\n\n\n<ul class=\"wp-block-list\">\n<li><a href=\"https:\/\/www.partenamut.be\/fr\/remboursements-avantages\/paramedical-et-autres-therapies\/psychologie\/demarche\" target=\"_blank\" rel=\"noreferrer noopener\">Partenamut<\/a><\/li>\n\n\n\n<li><a href=\"https:\/\/www.mc.be\/media\/psychologie-demande-intervention_tcm49-68629.pdf\" target=\"_blank\" rel=\"noreferrer noopener\">Mutualit\u00e9 chr\u00e9tienne<\/a><\/li>\n\n\n\n<li><a href=\"https:\/\/www.fmsb.be\/fr\/avantages-services\/soins-medicaux-100-rembourses?ds_rl=1006245&amp;gclid=EAIaIQobChMIvZ3GkIjc9AIVg-h3Ch2gVgFBEAAYASAAEgKHP_D_BwE&amp;gclsrc=aw.ds\" target=\"_blank\" rel=\"noreferrer noopener\">Mutualit\u00e9 socialiste du brabant<\/a><\/li>\n<\/ul>\n<\/div>\n<\/div>\n\n\n\n<p><\/p>\n","protected":false},"excerpt":{"rendered":"<p>60 euros la s\u00e9ance de 45 minutes Mon inscription \u00e0 la commission des psychologues vous permet de b\u00e9n\u00e9ficier de certains remboursements aupr\u00e8s de votre mutuelle et\/ou assurances compl\u00e9mentaires. Info remboursement Mutuelle :<\/p>\n","protected":false},"author":2,"featured_media":0,"parent":0,"menu_order":0,"comment_status":"closed","ping_status":"closed","template":"","meta":{"footnotes":""},"class_list":["post-161","page","type-page","status-publish","hentry"],"yoast_head":"<!-- This site is optimized with the Yoast SEO plugin v27.4 - https:\/\/yoast.com\/product\/yoast-seo-wordpress\/ -->\n<title>Tarifs - Virginie De Baeremaeker<\/title>\n<meta name=\"robots\" content=\"index, follow, max-snippet:-1, max-image-preview:large, max-video-preview:-1\" \/>\n<link rel=\"canonical\" href=\"https:\/\/vicdeba.be\/index.php\/tarifs\/\" \/>\n<meta property=\"og:locale\" content=\"fr_FR\" \/>\n<meta property=\"og:type\" content=\"article\" \/>\n<meta property=\"og:title\" content=\"Tarifs - Virginie De Baeremaeker\" \/>\n<meta property=\"og:description\" content=\"60 euros la s\u00e9ance de 45 minutes Mon inscription \u00e0 la commission des psychologues vous permet de b\u00e9n\u00e9ficier de certains remboursements aupr\u00e8s de votre mutuelle et\/ou assurances compl\u00e9mentaires. Info remboursement Mutuelle :\" \/>\n<meta property=\"og:url\" content=\"https:\/\/vicdeba.be\/index.php\/tarifs\/\" \/>\n<meta property=\"og:site_name\" content=\"Virginie De Baeremaeker\" \/>\n<meta property=\"article:modified_time\" content=\"2024-12-07T12:52:04+00:00\" \/>\n<meta property=\"og:image\" content=\"http:\/\/vicdeba.be\/wp-content\/uploads\/2021\/12\/hello-i-m-nik-z1d-LP8sjuI-unsplash-839x1024.jpg\" \/>\n<meta name=\"twitter:card\" content=\"summary_large_image\" \/>\n<meta name=\"twitter:label1\" content=\"Dur\u00e9e de lecture estim\u00e9e\" \/>\n\t<meta name=\"twitter:data1\" content=\"1 minute\" \/>\n<script type=\"application\/ld+json\" class=\"yoast-schema-graph\">{\"@context\":\"https:\\\/\\\/schema.org\",\"@graph\":[{\"@type\":\"WebPage\",\"@id\":\"https:\\\/\\\/vicdeba.be\\\/index.php\\\/tarifs\\\/\",\"url\":\"https:\\\/\\\/vicdeba.be\\\/index.php\\\/tarifs\\\/\",\"name\":\"Tarifs - Virginie De Baeremaeker\",\"isPartOf\":{\"@id\":\"https:\\\/\\\/vicdeba.be\\\/#website\"},\"primaryImageOfPage\":{\"@id\":\"https:\\\/\\\/vicdeba.be\\\/index.php\\\/tarifs\\\/#primaryimage\"},\"image\":{\"@id\":\"https:\\\/\\\/vicdeba.be\\\/index.php\\\/tarifs\\\/#primaryimage\"},\"thumbnailUrl\":\"http:\\\/\\\/vicdeba.be\\\/wp-content\\\/uploads\\\/2021\\\/12\\\/hello-i-m-nik-z1d-LP8sjuI-unsplash-839x1024.jpg\",\"datePublished\":\"2022-01-02T10:13:33+00:00\",\"dateModified\":\"2024-12-07T12:52:04+00:00\",\"breadcrumb\":{\"@id\":\"https:\\\/\\\/vicdeba.be\\\/index.php\\\/tarifs\\\/#breadcrumb\"},\"inLanguage\":\"fr-FR\",\"potentialAction\":[{\"@type\":\"ReadAction\",\"target\":[\"https:\\\/\\\/vicdeba.be\\\/index.php\\\/tarifs\\\/\"]}]},{\"@type\":\"ImageObject\",\"inLanguage\":\"fr-FR\",\"@id\":\"https:\\\/\\\/vicdeba.be\\\/index.php\\\/tarifs\\\/#primaryimage\",\"url\":\"http:\\\/\\\/vicdeba.be\\\/wp-content\\\/uploads\\\/2021\\\/12\\\/hello-i-m-nik-z1d-LP8sjuI-unsplash-839x1024.jpg\",\"contentUrl\":\"http:\\\/\\\/vicdeba.be\\\/wp-content\\\/uploads\\\/2021\\\/12\\\/hello-i-m-nik-z1d-LP8sjuI-unsplash-839x1024.jpg\"},{\"@type\":\"BreadcrumbList\",\"@id\":\"https:\\\/\\\/vicdeba.be\\\/index.php\\\/tarifs\\\/#breadcrumb\",\"itemListElement\":[{\"@type\":\"ListItem\",\"position\":1,\"name\":\"Accueil\",\"item\":\"https:\\\/\\\/vicdeba.be\\\/\"},{\"@type\":\"ListItem\",\"position\":2,\"name\":\"Tarifs\"}]},{\"@type\":\"WebSite\",\"@id\":\"https:\\\/\\\/vicdeba.be\\\/#website\",\"url\":\"https:\\\/\\\/vicdeba.be\\\/\",\"name\":\"Virginie De Baeremaeker\",\"description\":\"Psychologue Clinicienne\",\"publisher\":{\"@id\":\"https:\\\/\\\/vicdeba.be\\\/#organization\"},\"potentialAction\":[{\"@type\":\"SearchAction\",\"target\":{\"@type\":\"EntryPoint\",\"urlTemplate\":\"https:\\\/\\\/vicdeba.be\\\/?s={search_term_string}\"},\"query-input\":{\"@type\":\"PropertyValueSpecification\",\"valueRequired\":true,\"valueName\":\"search_term_string\"}}],\"inLanguage\":\"fr-FR\"},{\"@type\":\"Organization\",\"@id\":\"https:\\\/\\\/vicdeba.be\\\/#organization\",\"name\":\"Virginie De Baeremaeker\",\"url\":\"https:\\\/\\\/vicdeba.be\\\/\",\"logo\":{\"@type\":\"ImageObject\",\"inLanguage\":\"fr-FR\",\"@id\":\"https:\\\/\\\/vicdeba.be\\\/#\\\/schema\\\/logo\\\/image\\\/\",\"url\":\"https:\\\/\\\/vicdeba.be\\\/wp-content\\\/uploads\\\/2022\\\/01\\\/cropped-cropped-traveling.png\",\"contentUrl\":\"https:\\\/\\\/vicdeba.be\\\/wp-content\\\/uploads\\\/2022\\\/01\\\/cropped-cropped-traveling.png\",\"width\":842,\"height\":330,\"caption\":\"Virginie De Baeremaeker\"},\"image\":{\"@id\":\"https:\\\/\\\/vicdeba.be\\\/#\\\/schema\\\/logo\\\/image\\\/\"}}]}<\/script>\n<!-- \/ Yoast SEO plugin. -->","yoast_head_json":{"title":"Tarifs - Virginie De Baeremaeker","robots":{"index":"index","follow":"follow","max-snippet":"max-snippet:-1","max-image-preview":"max-image-preview:large","max-video-preview":"max-video-preview:-1"},"canonical":"https:\/\/vicdeba.be\/index.php\/tarifs\/","og_locale":"fr_FR","og_type":"article","og_title":"Tarifs - Virginie De Baeremaeker","og_description":"60 euros la s\u00e9ance de 45 minutes Mon inscription \u00e0 la commission des psychologues vous permet de b\u00e9n\u00e9ficier de certains remboursements aupr\u00e8s de votre mutuelle et\/ou assurances compl\u00e9mentaires. Info remboursement Mutuelle :","og_url":"https:\/\/vicdeba.be\/index.php\/tarifs\/","og_site_name":"Virginie De Baeremaeker","article_modified_time":"2024-12-07T12:52:04+00:00","og_image":[{"url":"http:\/\/vicdeba.be\/wp-content\/uploads\/2021\/12\/hello-i-m-nik-z1d-LP8sjuI-unsplash-839x1024.jpg","type":"","width":"","height":""}],"twitter_card":"summary_large_image","twitter_misc":{"Dur\u00e9e de lecture estim\u00e9e":"1 minute"},"schema":{"@context":"https:\/\/schema.org","@graph":[{"@type":"WebPage","@id":"https:\/\/vicdeba.be\/index.php\/tarifs\/","url":"https:\/\/vicdeba.be\/index.php\/tarifs\/","name":"Tarifs - Virginie De Baeremaeker","isPartOf":{"@id":"https:\/\/vicdeba.be\/#website"},"primaryImageOfPage":{"@id":"https:\/\/vicdeba.be\/index.php\/tarifs\/#primaryimage"},"image":{"@id":"https:\/\/vicdeba.be\/index.php\/tarifs\/#primaryimage"},"thumbnailUrl":"http:\/\/vicdeba.be\/wp-content\/uploads\/2021\/12\/hello-i-m-nik-z1d-LP8sjuI-unsplash-839x1024.jpg","datePublished":"2022-01-02T10:13:33+00:00","dateModified":"2024-12-07T12:52:04+00:00","breadcrumb":{"@id":"https:\/\/vicdeba.be\/index.php\/tarifs\/#breadcrumb"},"inLanguage":"fr-FR","potentialAction":[{"@type":"ReadAction","target":["https:\/\/vicdeba.be\/index.php\/tarifs\/"]}]},{"@type":"ImageObject","inLanguage":"fr-FR","@id":"https:\/\/vicdeba.be\/index.php\/tarifs\/#primaryimage","url":"http:\/\/vicdeba.be\/wp-content\/uploads\/2021\/12\/hello-i-m-nik-z1d-LP8sjuI-unsplash-839x1024.jpg","contentUrl":"http:\/\/vicdeba.be\/wp-content\/uploads\/2021\/12\/hello-i-m-nik-z1d-LP8sjuI-unsplash-839x1024.jpg"},{"@type":"BreadcrumbList","@id":"https:\/\/vicdeba.be\/index.php\/tarifs\/#breadcrumb","itemListElement":[{"@type":"ListItem","position":1,"name":"Accueil","item":"https:\/\/vicdeba.be\/"},{"@type":"ListItem","position":2,"name":"Tarifs"}]},{"@type":"WebSite","@id":"https:\/\/vicdeba.be\/#website","url":"https:\/\/vicdeba.be\/","name":"Virginie De Baeremaeker","description":"Psychologue Clinicienne","publisher":{"@id":"https:\/\/vicdeba.be\/#organization"},"potentialAction":[{"@type":"SearchAction","target":{"@type":"EntryPoint","urlTemplate":"https:\/\/vicdeba.be\/?s={search_term_string}"},"query-input":{"@type":"PropertyValueSpecification","valueRequired":true,"valueName":"search_term_string"}}],"inLanguage":"fr-FR"},{"@type":"Organization","@id":"https:\/\/vicdeba.be\/#organization","name":"Virginie De Baeremaeker","url":"https:\/\/vicdeba.be\/","logo":{"@type":"ImageObject","inLanguage":"fr-FR","@id":"https:\/\/vicdeba.be\/#\/schema\/logo\/image\/","url":"https:\/\/vicdeba.be\/wp-content\/uploads\/2022\/01\/cropped-cropped-traveling.png","contentUrl":"https:\/\/vicdeba.be\/wp-content\/uploads\/2022\/01\/cropped-cropped-traveling.png","width":842,"height":330,"caption":"Virginie De Baeremaeker"},"image":{"@id":"https:\/\/vicdeba.be\/#\/schema\/logo\/image\/"}}]}},"_links":{"self":[{"href":"https:\/\/vicdeba.be\/index.php\/wp-json\/wp\/v2\/pages\/161","targetHints":{"allow":["GET"]}}],"collection":[{"href":"https:\/\/vicdeba.be\/index.php\/wp-json\/wp\/v2\/pages"}],"about":[{"href":"https:\/\/vicdeba.be\/index.php\/wp-json\/wp\/v2\/types\/page"}],"author":[{"embeddable":true,"href":"https:\/\/vicdeba.be\/index.php\/wp-json\/wp\/v2\/users\/2"}],"replies":[{"embeddable":true,"href":"https:\/\/vicdeba.be\/index.php\/wp-json\/wp\/v2\/comments?post=161"}],"version-history":[{"count":4,"href":"https:\/\/vicdeba.be\/index.php\/wp-json\/wp\/v2\/pages\/161\/revisions"}],"predecessor-version":[{"id":370,"href":"https:\/\/vicdeba.be\/index.php\/wp-json\/wp\/v2\/pages\/161\/revisions\/370"}],"wp:attachment":[{"href":"https:\/\/vicdeba.be\/index.php\/wp-json\/wp\/v2\/media?parent=161"}],"curies":[{"name":"wp","href":"https:\/\/api.w.org\/{rel}","templated":true}]}}